{"id":9,"date":"2022-04-05T12:03:46","date_gmt":"2022-04-05T10:03:46","guid":{"rendered":"http:\/\/blog.jtek.fr\/?page_id=9"},"modified":"2022-04-30T00:33:05","modified_gmt":"2022-04-29T22:33:05","slug":"contact","status":"publish","type":"page","link":"https:\/\/blog.jtek.fr\/index.php\/contact\/","title":{"rendered":"Contact"},"content":{"rendered":"\n<p>Vous pouvez contacter JTEK par e-mail : \u00ab contact \u00bb arobase suivi du domaine (le nom de notre soci\u00e9t\u00e9).<\/p>\n\n\n\n<figure class=\"wp-block-table is-style-stripes\"><table><tbody><tr><td>Si\u00e8ge Social<\/td><td>JTEK<br>35 boulevard du Mar\u00e9chal Leclerc<br>94340 Joinville le Pont<\/td><\/tr><tr><td>Immatriculation RCS<\/td><td>Cr\u00e9teil 497 575 712<\/td><\/tr><tr><td>Forme Sociale<\/td><td>S.A.R.L.<\/td><\/tr><tr><td>Capital Social<\/td><td>5 000,00 \u20ac<\/td><\/tr><tr><td>SIRET si\u00e8ge<\/td><td>497 575 712 00029<\/td><\/tr><tr><td>Num\u00e9ro TVA intracommunautaire<\/td><td>FR 65 497 575 712<\/td><\/tr><tr><td>Code NAF<\/td><td>6201Z<\/td><\/tr><\/tbody><\/table><\/figure>\n","protected":false},"excerpt":{"rendered":"<p>Vous pouvez contacter JTEK par e-mail : \u00ab contact \u00bb arobase suivi du domaine (le nom de notre soci\u00e9t\u00e9). Si\u00e8ge Social JTEK35 boulevard du Mar\u00e9chal Leclerc94340 Joinville le Pont Immatriculation RCS Cr\u00e9teil 497 575 712 Forme Sociale S.A.R.L. Capital Social 5 000,00 \u20ac SIRET si\u00e8ge 497 575 712 00029 Num\u00e9ro TVA intracommunautaire FR 65 497 [&hellip;]<\/p>\n","protected":false},"author":2,"featured_media":0,"parent":0,"menu_order":0,"comment_status":"closed","ping_status":"closed","template":"","meta":{"footnotes":""},"class_list":["post-9","page","type-page","status-publish","hentry"],"_links":{"self":[{"href":"https:\/\/blog.jtek.fr\/index.php\/wp-json\/wp\/v2\/pages\/9","targetHints":{"allow":["GET"]}}],"collection":[{"href":"https:\/\/blog.jtek.fr\/index.php\/wp-json\/wp\/v2\/pages"}],"about":[{"href":"https:\/\/blog.jtek.fr\/index.php\/wp-json\/wp\/v2\/types\/page"}],"author":[{"embeddable":true,"href":"https:\/\/blog.jtek.fr\/index.php\/wp-json\/wp\/v2\/users\/2"}],"replies":[{"embeddable":true,"href":"https:\/\/blog.jtek.fr\/index.php\/wp-json\/wp\/v2\/comments?post=9"}],"version-history":[{"count":3,"href":"https:\/\/blog.jtek.fr\/index.php\/wp-json\/wp\/v2\/pages\/9\/revisions"}],"predecessor-version":[{"id":49,"href":"https:\/\/blog.jtek.fr\/index.php\/wp-json\/wp\/v2\/pages\/9\/revisions\/49"}],"wp:attachment":[{"href":"https:\/\/blog.jtek.fr\/index.php\/wp-json\/wp\/v2\/media?parent=9"}],"curies":[{"name":"wp","href":"https:\/\/api.w.org\/{rel}","templated":true}]}}